{"id":3834,"date":"2024-06-14T13:57:00","date_gmt":"2024-06-14T13:57:00","guid":{"rendered":"https:\/\/plexx.no\/?page_id=3834"},"modified":"2024-06-17T10:46:23","modified_gmt":"2024-06-17T10:46:23","slug":"materiale-ps","status":"publish","type":"page","link":"https:\/\/plexx.no\/en\/materiale-ps\/","title":{"rendered":"PS"},"content":{"rendered":"\n<style type=\"text\/css\" data-created_by=\"avia_inline_auto\" id=\"style-css-av-lvf76n4c-619964181a3a56d9fdd99dde9f64be04\">\n#top .hr.hr-invisible.av-lvf76n4c-619964181a3a56d9fdd99dde9f64be04{\nheight:20px;\n}\n<\/style>\n<div  class='hr av-lvf76n4c-619964181a3a56d9fdd99dde9f64be04 hr-invisible  avia-builder-el-0  el_before_av_textblock  avia-builder-el-first '><span class='hr-inner '><span class=\"hr-inner-style\"><\/span><\/span><\/div>\n<section  class='av_textblock_section av-lvf78eml-c92c1dc7cb0ca021439316c80740f37b'  itemscope=\"itemscope\" itemtype=\"https:\/\/schema.org\/CreativeWork\" ><div class='avia_textblock'  itemprop=\"text\" ><h1>PS<\/h1>\n<p><a href=\"https:\/\/plexx.no\/wp-content\/uploads\/2024\/06\/Plexx-PS.pdf\" target=\"_blank\" rel=\"noopener\">Last ned pdf<\/a><\/p>\n<\/div><\/section>\n\n<style type=\"text\/css\" data-created_by=\"avia_inline_auto\" id=\"style-css-av-2re6md-d4cd50456629685d7ad3086499a596d5\">\n#top .hr.hr-invisible.av-2re6md-d4cd50456629685d7ad3086499a596d5{\nheight:20px;\n}\n<\/style>\n<div  class='hr av-2re6md-d4cd50456629685d7ad3086499a596d5 hr-invisible  avia-builder-el-2  el_after_av_textblock  el_before_av_textblock '><span class='hr-inner '><span class=\"hr-inner-style\"><\/span><\/span><\/div>\n<section  class='av_textblock_section av-lvf6p9kq-013c9d30c08a44c0dbc8e0ee587973f0'  itemscope=\"itemscope\" itemtype=\"https:\/\/schema.org\/CreativeWork\" ><div class='avia_textblock'  itemprop=\"text\" ><h4>Polystyren (PS) er en termoplastisk polymer som er kjent for sin stivhet, klarhet, og enkelhet \u00e5 forme. Det er et allsidig materiale som brukes i en rekke produkter og bruksomr\u00e5der p\u00e5 grunn av sine egenskaper. Polystyren kommer i form av harde, stive plastprodukter og brukes i alt fra engangsbestikk, kopper og tallerkener til elektronikkemballasje, leket\u00f8y, og medisinske enheter.<\/h4>\n<h4>Polystyren er lett \u00e5 produsere og har en glatt overflate som gj\u00f8r det ideelt for trykking og dekorasjon. Det er ogs\u00e5 en rimelig plasttype, som gj\u00f8r den popul\u00e6r i masseproduserte varer. Imidlertid, det er viktig \u00e5 merke seg at polystyren har begrensede varmebestandige egenskaper og kan v\u00e6re spr\u00f8tt under p\u00e5virkning av ytre stress.<\/h4>\n<h4>P\u00e5 grunn av sin allsidighet og kostnadseffektivitet, forblir polystyren et vanlig valg i ulike bransjer og forbruksvarer. Det er viktig \u00e5 resirkulere og h\u00e5ndtere polystyrenavfall p\u00e5 en b\u00e6rekraftig m\u00e5te for \u00e5 redusere milj\u00f8p\u00e5virkningen og fremme ressursgjenvinning.<\/h4>\n<\/div><\/section>\n\n<style type=\"text\/css\" data-created_by=\"avia_inline_auto\" id=\"style-css-av-lvf76x48-65ead42a6ce8fb0bb057a5639711b33c\">\n#top .hr.hr-invisible.av-lvf76x48-65ead42a6ce8fb0bb057a5639711b33c{\nheight:20px;\n}\n<\/style>\n<div  class='hr av-lvf76x48-65ead42a6ce8fb0bb057a5639711b33c hr-invisible  avia-builder-el-4  el_after_av_textblock  el_before_av_image '><span class='hr-inner '><span class=\"hr-inner-style\"><\/span><\/span><\/div>\n\n<style type=\"text\/css\" data-created_by=\"avia_inline_auto\" id=\"style-css-av-lvf6ywe2-22d3e86d529759848e3ca054cb859754\">\n.avia-image-container.av-lvf6ywe2-22d3e86d529759848e3ca054cb859754 img.avia_image{\nbox-shadow:none;\n}\n.avia-image-container.av-lvf6ywe2-22d3e86d529759848e3ca054cb859754 .av-image-caption-overlay-center{\ncolor:#ffffff;\n}\n<\/style>\n<div  class='avia-image-container av-lvf6ywe2-22d3e86d529759848e3ca054cb859754 av-styling- avia-align-center  avia-builder-el-5  el_after_av_hr  el_before_av_hr '   itemprop=\"image\" itemscope=\"itemscope\" itemtype=\"https:\/\/schema.org\/ImageObject\" ><div class=\"avia-image-container-inner\"><div class=\"avia-image-overlay-wrap\"><img decoding=\"async\" class='wp-image-3836 avia-img-lazy-loading-not-3836 avia_image ' src=\"https:\/\/plexx.no\/wp-content\/uploads\/2024\/06\/PS-2560x880.jpeg\" alt='' title='Colorful polymer products made from polystyrene for various indu'  height=\"880\" width=\"2560\"  itemprop=\"thumbnailUrl\"  \/><\/div><\/div><\/div>\n\n<style type=\"text\/css\" data-created_by=\"avia_inline_auto\" id=\"style-css-av-2j19ad-2660d7503c1e02cb880593cb55fbfa85\">\n#top .hr.hr-invisible.av-2j19ad-2660d7503c1e02cb880593cb55fbfa85{\nheight:20px;\n}\n<\/style>\n<div  class='hr av-2j19ad-2660d7503c1e02cb880593cb55fbfa85 hr-invisible  avia-builder-el-6  el_after_av_image  el_before_av_textblock '><span class='hr-inner '><span class=\"hr-inner-style\"><\/span><\/span><\/div>\n<section  class='av_textblock_section av-lvf72bg6-a74e14887b5887ee50e1735e28280f14'  itemscope=\"itemscope\" itemtype=\"https:\/\/schema.org\/CreativeWork\" ><div class='avia_textblock'  itemprop=\"text\" ><p><strong>Betegnelse:<\/strong> \u00a0\u00a0\u00a0\u00a0PS<br \/>\n<strong>Kjemisk navn:<\/strong> Polystyren<br \/>\n<strong>Type:\u00a0<\/strong>\u00a0\u00a0\u00a0\u00a0\u00a0\u00a0\u00a0 Termoplast<\/p>\n<p><strong>Generell beskrivelse<\/strong><br \/>\nPS er en klar termoplast med spesielt gode termoformingsegenskaper.<br \/>\nDen har i utgangspunktet d\u00e5rlig slagstyrke, men leveres i innfargede kvaliteter som har god slagstyrke.<br \/>\nPS likner mye p\u00e5 ABS, og kalles ofte \u201dfattigmanns-ABS\u201d.<\/p>\n<p><strong>Bearbeiding\u00a0\u00a0\u00a0<\/strong><br \/>\nPS finnes i halvfabrikata som plater.<br \/>\nBearbeidingsegenskapene er gode, og materialet lar seg sveise, lime og termoforme.<\/p>\n<p><strong>Bruksomr\u00e5der\u00a0<\/strong><br \/>\nVakuumformede deler, innerlinere i kj\u00f8leskap og frysere, fritidstoaletter, reklameskilt,<br \/>\nkopper, n\u00e6ringsmiddelemballasje og dusjvegger.<\/p>\n<p><strong>Spesielt\u00a0\u00a0\u00a0<\/strong><br \/>\nLav pris. Milj\u00f8vennlig, enkelt \u00e5 regenerere.<br \/>\nN\u00e6ringsmiddelgodkjennelse p\u00e5 enkelte typer\/produkter.<\/p>\n<\/div><\/section>\n\n<style type=\"text\/css\" data-created_by=\"avia_inline_auto\" id=\"style-css-av-4s1xad-23041371c62c2b08216e570c5573599f\">\n#top .hr.hr-invisible.av-4s1xad-23041371c62c2b08216e570c5573599f{\nheight:20px;\n}\n<\/style>\n<div  class='hr av-4s1xad-23041371c62c2b08216e570c5573599f hr-invisible  avia-builder-el-8  el_after_av_textblock  el_before_av_textblock '><span class='hr-inner '><span class=\"hr-inner-style\"><\/span><\/span><\/div>\n<section  class='av_textblock_section av-lvf7d8xd-687a22d28b01b3b693e2f2246de244c4'  itemscope=\"itemscope\" itemtype=\"https:\/\/schema.org\/CreativeWork\" ><div class='avia_textblock'  itemprop=\"text\" ><table>\n<tbody>\n<tr>\n<td width=\"200\"><strong>EGENSKAPER<\/strong><\/td>\n<td width=\"125\"><strong>NORM<\/strong><\/td>\n<td width=\"125\"><strong>ENHET<\/strong><\/td>\n<td width=\"125\"><strong>VERDI<\/strong><\/td>\n<\/tr>\n<tr>\n<td width=\"200\">Egenvekt<\/td>\n<td width=\"125\">DIN 53479<\/td>\n<td width=\"125\">g\/cm3<\/td>\n<td width=\"125\">1,05<\/td>\n<\/tr>\n<tr>\n<td width=\"200\">Strekkfasthet<\/td>\n<td width=\"125\">DIN 53455<\/td>\n<td width=\"125\">N\/mm2<\/td>\n<td width=\"125\">36<\/td>\n<\/tr>\n<tr>\n<td width=\"200\">Slagfasthet v\/23\u00b0C<\/td>\n<td width=\"125\">DIN 53453<\/td>\n<td width=\"125\">KJ\/m2<\/td>\n<td width=\"125\">16<\/td>\n<\/tr>\n<tr>\n<td width=\"200\">E-modul<\/td>\n<td width=\"125\">DIN 53457<\/td>\n<td width=\"125\">N\/mm2<\/td>\n<td width=\"125\">2800<\/td>\n<\/tr>\n<tr>\n<td width=\"200\">Forlengelse v\/brudd<\/td>\n<td width=\"125\">DIN 53455<\/td>\n<td width=\"125\">%<\/td>\n<td width=\"125\">40<\/td>\n<\/tr>\n<tr>\n<td width=\"200\">Brukstemperatur, varig<\/td>\n<td width=\"125\">&#8211;<\/td>\n<td width=\"125\">\u00b0C<\/td>\n<td width=\"125\">.-20\/+60<\/td>\n<\/tr>\n<tr>\n<td width=\"200\">Temperaturutvidelse<\/td>\n<td width=\"125\">ASTM D 896<\/td>\n<td width=\"125\">mm\/m\/\u00b0C<\/td>\n<td width=\"125\">0,08<\/td>\n<\/tr>\n<tr>\n<td width=\"200\">Brennbarhet<\/td>\n<td width=\"125\">UL 94<\/td>\n<td width=\"125\"><\/td>\n<td width=\"125\">HB<\/td>\n<\/tr>\n<\/tbody>\n<\/table>\n<\/div><\/section>\n\n<style type=\"text\/css\" data-created_by=\"avia_inline_auto\" id=\"style-css-av-2un7l1-ef5722874c8d35e936756b94028035e7\">\n#top .hr.hr-invisible.av-2un7l1-ef5722874c8d35e936756b94028035e7{\nheight:20px;\n}\n<\/style>\n<div  class='hr av-2un7l1-ef5722874c8d35e936756b94028035e7 hr-invisible  avia-builder-el-10  el_after_av_textblock  el_before_av_textblock '><span class='hr-inner '><span class=\"hr-inner-style\"><\/span><\/span><\/div>\n<section  class='av_textblock_section av-lvf8bm88-219ccfde659586ab9252e6c864921552'  itemscope=\"itemscope\" itemtype=\"https:\/\/schema.org\/CreativeWork\" ><div class='avia_textblock'  itemprop=\"text\" ><p><em>Alle data og retningslinjer er gitt p\u00e5 basis av alminnelig anerkjente tekniske h\u00e5ndb\u00f8ker, etter beste overbevisning og i god tro, og uten ansvar for mulige feil.<\/em><\/p>\n<\/div><\/section>\n","protected":false},"excerpt":{"rendered":"PS Last ned pdf Polystyren (PS) er en termoplastisk polymer som er kjent for sin stivhet, klarhet, og enkelhet \u00e5 forme. Det er et allsidig materiale som brukes i en rekke produkter og bruksomr\u00e5der p\u00e5 grunn av sine egenskaper. Polystyren kommer i form av harde, stive plastprodukter og brukes i alt fra engangsbestikk, kopper og [...]","protected":false},"author":12,"featured_media":0,"parent":0,"menu_order":0,"comment_status":"closed","ping_status":"closed","template":"","meta":{"footnotes":""},"class_list":["post-3834","page","type-page","status-publish","hentry"],"_links":{"self":[{"href":"https:\/\/plexx.no\/en\/wp-json\/wp\/v2\/pages\/3834","targetHints":{"allow":["GET"]}}],"collection":[{"href":"https:\/\/plexx.no\/en\/wp-json\/wp\/v2\/pages"}],"about":[{"href":"https:\/\/plexx.no\/en\/wp-json\/wp\/v2\/types\/page"}],"author":[{"embeddable":true,"href":"https:\/\/plexx.no\/en\/wp-json\/wp\/v2\/users\/12"}],"replies":[{"embeddable":true,"href":"https:\/\/plexx.no\/en\/wp-json\/wp\/v2\/comments?post=3834"}],"version-history":[{"count":3,"href":"https:\/\/plexx.no\/en\/wp-json\/wp\/v2\/pages\/3834\/revisions"}],"predecessor-version":[{"id":3915,"href":"https:\/\/plexx.no\/en\/wp-json\/wp\/v2\/pages\/3834\/revisions\/3915"}],"wp:attachment":[{"href":"https:\/\/plexx.no\/en\/wp-json\/wp\/v2\/media?parent=3834"}],"curies":[{"name":"wp","href":"https:\/\/api.w.org\/{rel}","templated":true}]}}