{"id":3818,"date":"2024-06-14T13:30:11","date_gmt":"2024-06-14T13:30:11","guid":{"rendered":"https:\/\/plexx.no\/?page_id=3818"},"modified":"2024-06-26T07:13:01","modified_gmt":"2024-06-26T07:13:01","slug":"materiale-pom","status":"publish","type":"page","link":"https:\/\/plexx.no\/en\/materiale-pom\/","title":{"rendered":"POM"},"content":{"rendered":"\n<style type=\"text\/css\" data-created_by=\"avia_inline_auto\" id=\"style-css-av-lvf76n4c-619964181a3a56d9fdd99dde9f64be04\">\n#top .hr.hr-invisible.av-lvf76n4c-619964181a3a56d9fdd99dde9f64be04{\nheight:20px;\n}\n<\/style>\n<div  class='hr av-lvf76n4c-619964181a3a56d9fdd99dde9f64be04 hr-invisible  avia-builder-el-0  el_before_av_textblock  avia-builder-el-first '><span class='hr-inner '><span class=\"hr-inner-style\"><\/span><\/span><\/div>\n<section  class='av_textblock_section av-lvf78eml-c92c1dc7cb0ca021439316c80740f37b'  itemscope=\"itemscope\" itemtype=\"https:\/\/schema.org\/CreativeWork\" ><div class='avia_textblock'  itemprop=\"text\" ><h1>POM<\/h1>\n<p><a href=\"https:\/\/plexx.no\/wp-content\/uploads\/2024\/06\/Plexx-POM-2.pdf\" target=\"_blank\" rel=\"noopener\">Last ned pdf<\/a><\/p>\n<\/div><\/section>\n\n<style type=\"text\/css\" data-created_by=\"avia_inline_auto\" id=\"style-css-av-2re6md-d4cd50456629685d7ad3086499a596d5\">\n#top .hr.hr-invisible.av-2re6md-d4cd50456629685d7ad3086499a596d5{\nheight:20px;\n}\n<\/style>\n<div  class='hr av-2re6md-d4cd50456629685d7ad3086499a596d5 hr-invisible  avia-builder-el-2  el_after_av_textblock  el_before_av_textblock '><span class='hr-inner '><span class=\"hr-inner-style\"><\/span><\/span><\/div>\n<section  class='av_textblock_section av-lvf6p9kq-013c9d30c08a44c0dbc8e0ee587973f0'  itemscope=\"itemscope\" itemtype=\"https:\/\/schema.org\/CreativeWork\" ><div class='avia_textblock'  itemprop=\"text\" ><h4>Polyoxymethylen, ogs\u00e5 kjent som acetal eller polyacetaler, er en termoplastisk polymer som er kjent for sin styrke, stivhet og god glidegenskaper. Den har lav friksjon, h\u00f8y slitestyrke og motstand mot kjemikalier og fuktighet, noe som gj\u00f8r den egnet for bruk i mekaniske komponenter og deler som krever presisjon og p\u00e5litelighet.<\/h4>\n<h4>Polyoxymethylen brukes ofte i produksjon av tannhjul, ventiler, dyser, fj\u00e6rer, l\u00e5ser og diverse andre komponenter i industrier som bilindustri, elektronikk, medisinsk utstyr og maskinteknikk. Den har ogs\u00e5 god formbarhet og dimensionalstabilitet, noe som gj\u00f8r den egnet for komplekse former og presisjonsdeler.<\/h4>\n<h4>Med sine gode mekaniske egenskaper og motstandsdyktighet mot korrosjon og slitasje, fortsetter polyoxymethylen \u00e5 v\u00e6re et popul\u00e6rt valg for ingeni\u00f8rer og designere som trenger p\u00e5litelige materialer til krevende bruksomr\u00e5der.<\/h4>\n<\/div><\/section>\n\n<style type=\"text\/css\" data-created_by=\"avia_inline_auto\" id=\"style-css-av-lvf76x48-65ead42a6ce8fb0bb057a5639711b33c\">\n#top .hr.hr-invisible.av-lvf76x48-65ead42a6ce8fb0bb057a5639711b33c{\nheight:20px;\n}\n<\/style>\n<div  class='hr av-lvf76x48-65ead42a6ce8fb0bb057a5639711b33c hr-invisible  avia-builder-el-4  el_after_av_textblock  el_before_av_image '><span class='hr-inner '><span class=\"hr-inner-style\"><\/span><\/span><\/div>\n\n<style type=\"text\/css\" data-created_by=\"avia_inline_auto\" id=\"style-css-av-lvf6ywe2-15fa70156a60b52898c88a4c7f9327c3\">\n.avia-image-container.av-lvf6ywe2-15fa70156a60b52898c88a4c7f9327c3 img.avia_image{\nbox-shadow:none;\n}\n.avia-image-container.av-lvf6ywe2-15fa70156a60b52898c88a4c7f9327c3 .av-image-caption-overlay-center{\ncolor:#ffffff;\n}\n<\/style>\n<div  class='avia-image-container av-lvf6ywe2-15fa70156a60b52898c88a4c7f9327c3 av-styling- avia-align-center  avia-builder-el-5  el_after_av_hr  el_before_av_hr '   itemprop=\"image\" itemscope=\"itemscope\" itemtype=\"https:\/\/schema.org\/ImageObject\" ><div class=\"avia-image-container-inner\"><div class=\"avia-image-overlay-wrap\"><img decoding=\"async\" class='wp-image-3820 avia-img-lazy-loading-not-3820 avia_image ' src=\"https:\/\/plexx.no\/wp-content\/uploads\/2024\/06\/POM-2560x880.jpeg\" alt='' title='The plastic gear'  height=\"880\" width=\"2560\"  itemprop=\"thumbnailUrl\"  \/><\/div><\/div><\/div>\n\n<style type=\"text\/css\" data-created_by=\"avia_inline_auto\" id=\"style-css-av-2j19ad-2660d7503c1e02cb880593cb55fbfa85\">\n#top .hr.hr-invisible.av-2j19ad-2660d7503c1e02cb880593cb55fbfa85{\nheight:20px;\n}\n<\/style>\n<div  class='hr av-2j19ad-2660d7503c1e02cb880593cb55fbfa85 hr-invisible  avia-builder-el-6  el_after_av_image  el_before_av_textblock '><span class='hr-inner '><span class=\"hr-inner-style\"><\/span><\/span><\/div>\n<section  class='av_textblock_section av-lvf72bg6-a74e14887b5887ee50e1735e28280f14'  itemscope=\"itemscope\" itemtype=\"https:\/\/schema.org\/CreativeWork\" ><div class='avia_textblock'  itemprop=\"text\" ><p><strong>Betegnelse:<\/strong> \u00a0\u00a0\u00a0\u00a0POM<br \/>\n<strong>Kjemisk navn:<\/strong> Polyoxymethylen<br \/>\n<strong>Type:\u00a0<\/strong>\u00a0\u00a0\u00a0\u00a0\u00a0\u00a0\u00a0 Termoplast<\/p>\n<p><strong>Generell beskrivelse<\/strong><br \/>\nPOM leveres i to kvaliteter, POM-C (copolymer), som er den vanligste, og POM-H (homopolymer).<br \/>\nMaterialet har meget gode mekaniske egenskaper, og benyttes mest som tekniske maskinerte detaljer.<\/p>\n<p><strong>Bearbeiding\u00a0\u00a0\u00a0<\/strong><br \/>\nPOM finnes i halvfabrikata som plater, bolt og emnesr\u00f8r.<br \/>\nMaterialet har meget gode maskineringsegenskaper, men egner seg ikke til termoforming.<br \/>\nBegrenset limbarhet.<\/p>\n<p><strong>Bruksomr\u00e5der\u00a0<\/strong><br \/>\nMaskinerte tekniske detaljer: Lagre, foringer, glideplater, styreskinner,<br \/>\ntannhjul, h\u00e5ndtak, finmekaniske detaljer osv.<\/p>\n<p><strong>Spesielt\u00a0\u00a0\u00a0<\/strong><br \/>\nLite fuktopptak, dimensjonsstabilt.<br \/>\nSort og hvit er standard. Andre farger kan leveres p\u00e5 foresp\u00f8rsel.<br \/>\nN\u00e6ringsmiddelgodkjennelse p\u00e5 enkelte typer\/produkter.<\/p>\n<\/div><\/section>\n\n<style type=\"text\/css\" data-created_by=\"avia_inline_auto\" id=\"style-css-av-4s1xad-23041371c62c2b08216e570c5573599f\">\n#top .hr.hr-invisible.av-4s1xad-23041371c62c2b08216e570c5573599f{\nheight:20px;\n}\n<\/style>\n<div  class='hr av-4s1xad-23041371c62c2b08216e570c5573599f hr-invisible  avia-builder-el-8  el_after_av_textblock  el_before_av_textblock '><span class='hr-inner '><span class=\"hr-inner-style\"><\/span><\/span><\/div>\n<section  class='av_textblock_section av-lvf7d8xd-687a22d28b01b3b693e2f2246de244c4'  itemscope=\"itemscope\" itemtype=\"https:\/\/schema.org\/CreativeWork\" ><div class='avia_textblock'  itemprop=\"text\" ><table>\n<tbody>\n<tr>\n<td width=\"200\"><strong>EGENSKAPER<\/strong><\/td>\n<td width=\"125\"><strong>NORM<\/strong><\/td>\n<td width=\"125\"><strong>ENHET<\/strong><\/td>\n<td width=\"125\"><strong>VERDI<\/strong><\/td>\n<\/tr>\n<tr>\n<td width=\"200\">Egenvekt<\/td>\n<td width=\"125\">DIN 53479<\/td>\n<td width=\"125\">g\/cm3<\/td>\n<td width=\"125\">1,41<\/td>\n<\/tr>\n<tr>\n<td width=\"200\">Strekkfasthet<\/td>\n<td width=\"125\">DIN 53455<\/td>\n<td width=\"125\">N\/mm2<\/td>\n<td width=\"125\">65<\/td>\n<\/tr>\n<tr>\n<td width=\"200\">Slagfasthet v\/23\u00b0C<\/td>\n<td width=\"125\">DIN 53453<\/td>\n<td width=\"125\">KJ\/m2<\/td>\n<td width=\"125\">Uten brudd<\/td>\n<\/tr>\n<tr>\n<td width=\"200\">E-modul<\/td>\n<td width=\"125\">DIN 53457<\/td>\n<td width=\"125\">N\/mm2<\/td>\n<td width=\"125\">3000<\/td>\n<\/tr>\n<tr>\n<td width=\"200\">Forlengelse v\/brudd<\/td>\n<td width=\"125\">DIN 53455<\/td>\n<td width=\"125\">%<\/td>\n<td width=\"125\">04.feb<\/td>\n<\/tr>\n<tr>\n<td width=\"200\">Brukstemperatur, varig<\/td>\n<td width=\"125\">&#8211;<\/td>\n<td width=\"125\">\u00b0C<\/td>\n<td width=\"125\">.-40\/+90<\/td>\n<\/tr>\n<tr>\n<td width=\"200\">Temperaturutvidelse<\/td>\n<td width=\"125\">ASTM D 896<\/td>\n<td width=\"125\">mm\/m\/\u00b0C<\/td>\n<td width=\"125\">0,09<\/td>\n<\/tr>\n<tr>\n<td width=\"200\">Brennbarhet<\/td>\n<td width=\"125\">UL 94<\/td>\n<td width=\"125\"><\/td>\n<td width=\"125\">HB<\/td>\n<\/tr>\n<\/tbody>\n<\/table>\n<\/div><\/section>\n\n<style type=\"text\/css\" data-created_by=\"avia_inline_auto\" id=\"style-css-av-2un7l1-ef5722874c8d35e936756b94028035e7\">\n#top .hr.hr-invisible.av-2un7l1-ef5722874c8d35e936756b94028035e7{\nheight:20px;\n}\n<\/style>\n<div  class='hr av-2un7l1-ef5722874c8d35e936756b94028035e7 hr-invisible  avia-builder-el-10  el_after_av_textblock  el_before_av_textblock '><span class='hr-inner '><span class=\"hr-inner-style\"><\/span><\/span><\/div>\n<section  class='av_textblock_section av-lvf8bm88-219ccfde659586ab9252e6c864921552'  itemscope=\"itemscope\" itemtype=\"https:\/\/schema.org\/CreativeWork\" ><div class='avia_textblock'  itemprop=\"text\" ><p><em>Alle data og retningslinjer er gitt p\u00e5 basis av alminnelig anerkjente tekniske h\u00e5ndb\u00f8ker, etter beste overbevisning og i god tro, og uten ansvar for mulige feil.<\/em><\/p>\n<\/div><\/section>\n","protected":false},"excerpt":{"rendered":"POM Last ned pdf Polyoxymethylen, ogs\u00e5 kjent som acetal eller polyacetaler, er en termoplastisk polymer som er kjent for sin styrke, stivhet og god glidegenskaper. Den har lav friksjon, h\u00f8y slitestyrke og motstand mot kjemikalier og fuktighet, noe som gj\u00f8r den egnet for bruk i mekaniske komponenter og deler som krever presisjon og p\u00e5litelighet. Polyoxymethylen [...]","protected":false},"author":12,"featured_media":0,"parent":0,"menu_order":0,"comment_status":"closed","ping_status":"closed","template":"","meta":{"footnotes":""},"class_list":["post-3818","page","type-page","status-publish","hentry"],"_links":{"self":[{"href":"https:\/\/plexx.no\/en\/wp-json\/wp\/v2\/pages\/3818","targetHints":{"allow":["GET"]}}],"collection":[{"href":"https:\/\/plexx.no\/en\/wp-json\/wp\/v2\/pages"}],"about":[{"href":"https:\/\/plexx.no\/en\/wp-json\/wp\/v2\/types\/page"}],"author":[{"embeddable":true,"href":"https:\/\/plexx.no\/en\/wp-json\/wp\/v2\/users\/12"}],"replies":[{"embeddable":true,"href":"https:\/\/plexx.no\/en\/wp-json\/wp\/v2\/comments?post=3818"}],"version-history":[{"count":4,"href":"https:\/\/plexx.no\/en\/wp-json\/wp\/v2\/pages\/3818\/revisions"}],"predecessor-version":[{"id":3962,"href":"https:\/\/plexx.no\/en\/wp-json\/wp\/v2\/pages\/3818\/revisions\/3962"}],"wp:attachment":[{"href":"https:\/\/plexx.no\/en\/wp-json\/wp\/v2\/media?parent=3818"}],"curies":[{"name":"wp","href":"https:\/\/api.w.org\/{rel}","templated":true}]}}