{"id":3089,"date":"2021-06-16T10:50:23","date_gmt":"2021-06-16T10:50:23","guid":{"rendered":"https:\/\/plexx.no\/?page_id=3089"},"modified":"2024-09-06T15:10:09","modified_gmt":"2024-09-06T15:10:09","slug":"vakuumformning","status":"publish","type":"page","link":"https:\/\/plexx.no\/en\/vakuumformning\/","title":{"rendered":"Vakuumforming"},"content":{"rendered":"\n<style type=\"text\/css\" data-created_by=\"avia_inline_auto\" id=\"style-css-av-atwds1-65331bdb6e3de95c1f0e3daf0794e517\">\n.avia-section.av-atwds1-65331bdb6e3de95c1f0e3daf0794e517 .av-parallax .av-parallax-inner{\nbackground-repeat:no-repeat;\nbackground-image:url(https:\/\/plexx.no\/wp-content\/uploads\/2016\/02\/Opido17.png);\nbackground-position:50% 0%;\nbackground-attachment:scroll;\n}\n<\/style>\n<div id='av_section_1'  class='avia-section av-atwds1-65331bdb6e3de95c1f0e3daf0794e517 main_color avia-section-huge avia-no-border-styling  avia-builder-el-0  el_before_av_one_full  avia-builder-el-first  avia-full-stretch av-parallax-section avia-bg-style-parallax av-minimum-height av-minimum-height-25  container_wrap sidebar_right'  data-section-bg-repeat='stretch' data-av_minimum_height_pc='25'><div class='av-parallax' data-avia-parallax-ratio='0.3' ><div class='av-parallax-inner main_color avia-full-stretch'><\/div><\/div><div class=\"av-section-color-overlay-wrap\"><a href='#next-section' title='' class='scroll-down-link ' aria-hidden='true' data-av_icon='\ue877' data-av_iconfont='entypo-fontello'><\/a><div class='container av-section-cont-open' ><main  role=\"main\" itemprop=\"mainContentOfPage\"  class='template-page content  av-content-small alpha units'><div class='post-entry post-entry-type-page post-entry-3089'><div class='entry-content-wrapper clearfix'>\n<div class='flex_column av-ulpmp-3afad4fb07626c162fd4e0ddf901db34 av_one_fifth  avia-builder-el-1  el_before_av_three_fifth  avia-builder-el-first  first flex_column_div '     ><\/div>\n<style type=\"text\/css\" data-created_by=\"avia_inline_auto\" id=\"style-css-av-79sjjl-3c55b1251d0f52f155bf51214431c075\">\n.flex_column.av-79sjjl-3c55b1251d0f52f155bf51214431c075{\n-webkit-border-radius:0px 0px 0px 0px;\n-moz-border-radius:0px 0px 0px 0px;\nborder-radius:0px 0px 0px 0px;\npadding:0px 0px 0px 0px;\n}\n<\/style>\n<div class='flex_column av-79sjjl-3c55b1251d0f52f155bf51214431c075 av_three_fifth  avia-builder-el-2  el_after_av_one_fifth  el_before_av_one_fifth  flex_column_div av-zero-column-padding '     ><style type=\"text\/css\" data-created_by=\"avia_inline_auto\" id=\"style-css-av-kn76oiwb-65319764d8cd38e0704c27a1da22715f\">\n#top .av-special-heading.av-kn76oiwb-65319764d8cd38e0704c27a1da22715f{\npadding-bottom:10px;\ncolor:#ffffff;\nfont-size:40px;\n}\nbody .av-special-heading.av-kn76oiwb-65319764d8cd38e0704c27a1da22715f .av-special-heading-tag .heading-char{\nfont-size:25px;\n}\n#top #wrap_all .av-special-heading.av-kn76oiwb-65319764d8cd38e0704c27a1da22715f .av-special-heading-tag{\nfont-size:40px;\n}\n.av-special-heading.av-kn76oiwb-65319764d8cd38e0704c27a1da22715f .special-heading-inner-border{\nborder-color:#ffffff;\n}\n.av-special-heading.av-kn76oiwb-65319764d8cd38e0704c27a1da22715f .av-subheading{\nfont-size:15px;\n}\n\n@media only screen and (min-width: 480px) and (max-width: 767px){ \n#top #wrap_all .av-special-heading.av-kn76oiwb-65319764d8cd38e0704c27a1da22715f .av-special-heading-tag{\nfont-size:0.8em;\n}\n}\n\n@media only screen and (max-width: 479px){ \n#top #wrap_all .av-special-heading.av-kn76oiwb-65319764d8cd38e0704c27a1da22715f .av-special-heading-tag{\nfont-size:0.8em;\n}\n}\n<\/style>\n<div  class='av-special-heading av-kn76oiwb-65319764d8cd38e0704c27a1da22715f av-special-heading-h1 custom-color-heading blockquote modern-quote modern-centered  avia-builder-el-3  avia-builder-el-no-sibling  av-inherit-size'><h1 class='av-special-heading-tag'  itemprop=\"headline\"  >Vakuumformingsmaskiner<\/h1><div class=\"special-heading-border\"><div class=\"special-heading-inner-border\"><\/div><\/div><\/div><\/div>\n<style type=\"text\/css\" data-created_by=\"avia_inline_auto\" id=\"style-css-av-4r40e9-9fd576d651d20658ba6dceaf31a4f0e7\">\n.flex_column.av-4r40e9-9fd576d651d20658ba6dceaf31a4f0e7{\n-webkit-border-radius:0px 0px 0px 0px;\n-moz-border-radius:0px 0px 0px 0px;\nborder-radius:0px 0px 0px 0px;\npadding:0px 0px 0px 0px;\n}\n<\/style>\n<div class='flex_column av-4r40e9-9fd576d651d20658ba6dceaf31a4f0e7 av_one_fifth  avia-builder-el-4  el_after_av_three_fifth  avia-builder-el-last  flex_column_div av-zero-column-padding '     ><\/div>\n<\/div><\/div><\/main><!-- close content main element --><\/div><\/div><\/div><div id='after_section_1'  class='main_color av_default_container_wrap container_wrap sidebar_right'  ><div class='container av-section-cont-open' ><div class='template-page content  av-content-small alpha units'><div class='post-entry post-entry-type-page post-entry-3089'><div class='entry-content-wrapper clearfix'>\n\n<style type=\"text\/css\" data-created_by=\"avia_inline_auto\" id=\"style-css-av-2mqrvl-23923b386a552704b38c6a05a05dae28\">\n.flex_column.av-2mqrvl-23923b386a552704b38c6a05a05dae28{\n-webkit-border-radius:0px 0px 0px 0px;\n-moz-border-radius:0px 0px 0px 0px;\nborder-radius:0px 0px 0px 0px;\npadding:0px 0px 0px 0px;\n}\n<\/style>\n<div class='flex_column av-2mqrvl-23923b386a552704b38c6a05a05dae28 av_one_full  avia-builder-el-5  el_after_av_section  el_before_av_one_half  avia-builder-el-first  first flex_column_div av-zero-column-padding '     ><section  class='av_textblock_section av-kn8ubyoo-0fa3e495e6ad1894970aba27d7776d41'  itemscope=\"itemscope\" itemtype=\"https:\/\/schema.org\/CreativeWork\" ><div class='avia_textblock'  itemprop=\"text\" ><h2 style=\"text-align: center;\">Vakuumformingsmaskiner<\/h2>\n<p style=\"text-align: left;\">Plexx\/Opido har f\u00f8lgende vakuumformingsmaskiner til r\u00e5dighet, for \u00e5 produsere vakuumformede detaljer til v\u00e5re kunder.<\/p>\n<p style=\"text-align: left;\">Fabrikken har tilsvarende kapasitet p\u00e5 Geiss 5-akse freser, for \u00e5 kunne maskinere sluttproduktene etter dine \u00f8nsker. Max st\u00f8rrelse her er 1500 x 4000 mm.<\/p>\n<\/div><\/section><\/div>\n\n<style type=\"text\/css\" data-created_by=\"avia_inline_auto\" id=\"style-css-av-kn7fl6l9-7e23b5d5dfcb8a6966bde2815781883c\">\n.flex_column.av-kn7fl6l9-7e23b5d5dfcb8a6966bde2815781883c{\n-webkit-border-radius:0px 0px 0px 0px;\n-moz-border-radius:0px 0px 0px 0px;\nborder-radius:0px 0px 0px 0px;\npadding:0px 0px 0px 0px;\n}\n<\/style>\n<div class='flex_column av-kn7fl6l9-7e23b5d5dfcb8a6966bde2815781883c av_one_half  avia-builder-el-7  el_after_av_one_full  el_before_av_one_half  first flex_column_div av-zero-column-padding column-top-margin'     ><section  class='av_textblock_section av-kn7fmuez-79f454ba227f659c361c07188b353230'  itemscope=\"itemscope\" itemtype=\"https:\/\/schema.org\/CreativeWork\" ><div class='avia_textblock'  itemprop=\"text\" ><ul>\n<li style=\"list-style-type: none;\">\n<ul>\n<li style=\"list-style-type: none;\">\n<ul>\n<li style=\"list-style-type: none;\">\n<ul>\n<li style=\"list-style-type: none;\">\n<ul>\n<li style=\"text-align: left;\">\n<h6><span style=\"color: #000000;\">Geiss 2500&#215;1200 T8<\/span><\/h6>\n<\/li>\n<li style=\"text-align: left;\">\n<h6><span style=\"color: #000000;\">Geiss 2600&#215;1500 T8<\/span><\/h6>\n<\/li>\n<li style=\"text-align: left;\">\n<h6><span style=\"color: #000000;\">Geiss 2000&#215;1000 T9<\/span><\/h6>\n<\/li>\n<li style=\"text-align: left;\">\n<h6><span style=\"color: #000000;\">Geiss 2500&#215;1200 T8<\/span><\/h6>\n<\/li>\n<li style=\"text-align: left;\">\n<h6><span style=\"color: #000000;\">Geiss 1800&#215;1350 T9<\/span><\/h6>\n<\/li>\n<li style=\"text-align: left;\">\n<h6><span style=\"color: #000000;\">Geiss 3000&#215;1500 T10<\/span><\/h6>\n<\/li>\n<li>\n<h6><span style=\"color: #000000;\">Geiss 2000&#215;1000 T10<\/span><\/h6>\n<\/li>\n<li style=\"text-align: left;\">\n<h6><span style=\"color: #000000;\">Geiss 1000&#215;750 T11<\/span><\/h6>\n<\/li>\n<\/ul>\n<\/li>\n<\/ul>\n<\/li>\n<\/ul>\n<\/li>\n<\/ul>\n<\/li>\n<\/ul>\n<h3 style=\"padding-left: 120px;\"><\/h3>\n<\/div><\/section><\/div>\n\n<style type=\"text\/css\" data-created_by=\"avia_inline_auto\" id=\"style-css-av-kn7fl6l9-92b64dfc8f80eb4ce64fddfe241e2ace\">\n.flex_column.av-kn7fl6l9-92b64dfc8f80eb4ce64fddfe241e2ace{\n-webkit-border-radius:0px 0px 0px 0px;\n-moz-border-radius:0px 0px 0px 0px;\nborder-radius:0px 0px 0px 0px;\npadding:0px 0px 0px 0px;\n}\n<\/style>\n<div class='flex_column av-kn7fl6l9-92b64dfc8f80eb4ce64fddfe241e2ace av_one_half  avia-builder-el-9  el_after_av_one_half  el_before_av_one_full  flex_column_div av-zero-column-padding column-top-margin'     ><section  class='av_textblock_section av-kn7fmuez-79f454ba227f659c361c07188b353230'  itemscope=\"itemscope\" itemtype=\"https:\/\/schema.org\/CreativeWork\" ><div class='avia_textblock'  itemprop=\"text\" ><ul>\n<li style=\"text-align: left;\">\n<h6><a href=\"https:\/\/plexx.no\/wp-content\/uploads\/2015\/04\/HPressure_4.png\"><img loading=\"lazy\" decoding=\"async\" class=\" wp-image-1240 alignleft\" src=\"https:\/\/plexx.no\/wp-content\/uploads\/2015\/04\/HPressure_4.png\" alt=\"\" width=\"497\" height=\"284\" srcset=\"https:\/\/plexx.no\/wp-content\/uploads\/2015\/04\/HPressure_4.png 1005w, https:\/\/plexx.no\/wp-content\/uploads\/2015\/04\/HPressure_4-300x172.png 300w, https:\/\/plexx.no\/wp-content\/uploads\/2015\/04\/HPressure_4-768x439.png 768w, https:\/\/plexx.no\/wp-content\/uploads\/2015\/04\/HPressure_4-705x403.png 705w, https:\/\/plexx.no\/wp-content\/uploads\/2015\/04\/HPressure_4-450x257.png 450w\" sizes=\"auto, (max-width: 497px) 100vw, 497px\" \/><\/a><\/h6>\n<\/li>\n<\/ul>\n<\/div><\/section><\/div>\n\n<style type=\"text\/css\" data-created_by=\"avia_inline_auto\" id=\"style-css-av-1us1ld-b0b7b2f080037ef73b4316d7eb8bc10d\">\n.flex_column.av-1us1ld-b0b7b2f080037ef73b4316d7eb8bc10d{\n-webkit-border-radius:0px 0px 0px 0px;\n-moz-border-radius:0px 0px 0px 0px;\nborder-radius:0px 0px 0px 0px;\npadding:0px 0px 0px 0px;\n}\n<\/style>\n<div class='flex_column av-1us1ld-b0b7b2f080037ef73b4316d7eb8bc10d av_one_full  avia-builder-el-11  el_after_av_one_half  el_before_av_one_full  first flex_column_div av-zero-column-padding column-top-margin'     ><section  class='av_textblock_section av-kn8ufol7-573fd30fd814fd385e8dafea3b4ef574'  itemscope=\"itemscope\" itemtype=\"https:\/\/schema.org\/CreativeWork\" ><div class='avia_textblock'  itemprop=\"text\" ><h2 style=\"padding-left: 120px; text-align: left;\">\u00a0 \u00a0 \u00a0 \u00a0 \u00a0 \u00a0 \u00a0 \u00a0 \u00a0 \u00a0Kontakt oss gjerne !<\/h2>\n<\/div><\/section><\/div>\n<style type=\"text\/css\" data-created_by=\"avia_inline_auto\" id=\"style-css-av-35l569-71bbfd96c817907dacd8a356652f89bf\">\n.flex_column.av-35l569-71bbfd96c817907dacd8a356652f89bf{\n-webkit-border-radius:0px 0px 0px 0px;\n-moz-border-radius:0px 0px 0px 0px;\nborder-radius:0px 0px 0px 0px;\npadding:0px 0px 0px 0px;\n}\n<\/style>\n<div class='flex_column av-35l569-71bbfd96c817907dacd8a356652f89bf av_one_full  avia-builder-el-13  el_after_av_one_full  el_before_av_portfolio  avia-builder-el-last  first flex_column_div av-zero-column-padding column-top-margin'     ><\/div>\n\n","protected":false},"excerpt":{"rendered":"Vakuumformingsmaskiner Vakuumformingsmaskiner Plexx\/Opido har f\u00f8lgende vakuumformingsmaskiner til r\u00e5dighet, for \u00e5 produsere vakuumformede detaljer til v\u00e5re kunder. Fabrikken har tilsvarende kapasitet p\u00e5 Geiss 5-akse freser, for \u00e5 kunne maskinere sluttproduktene etter dine \u00f8nsker. Max st\u00f8rrelse her er 1500 x 4000 mm. Geiss 2500x1200 T8 Geiss 2600x1500 T8 Geiss 2000x1000 T9 Geiss 2500x1200 T8 Geiss 1800x1350 T9 [...]","protected":false},"author":7,"featured_media":0,"parent":0,"menu_order":40,"comment_status":"closed","ping_status":"closed","template":"","meta":{"footnotes":""},"class_list":["post-3089","page","type-page","status-publish","hentry"],"_links":{"self":[{"href":"https:\/\/plexx.no\/en\/wp-json\/wp\/v2\/pages\/3089","targetHints":{"allow":["GET"]}}],"collection":[{"href":"https:\/\/plexx.no\/en\/wp-json\/wp\/v2\/pages"}],"about":[{"href":"https:\/\/plexx.no\/en\/wp-json\/wp\/v2\/types\/page"}],"author":[{"embeddable":true,"href":"https:\/\/plexx.no\/en\/wp-json\/wp\/v2\/users\/7"}],"replies":[{"embeddable":true,"href":"https:\/\/plexx.no\/en\/wp-json\/wp\/v2\/comments?post=3089"}],"version-history":[{"count":46,"href":"https:\/\/plexx.no\/en\/wp-json\/wp\/v2\/pages\/3089\/revisions"}],"predecessor-version":[{"id":4044,"href":"https:\/\/plexx.no\/en\/wp-json\/wp\/v2\/pages\/3089\/revisions\/4044"}],"wp:attachment":[{"href":"https:\/\/plexx.no\/en\/wp-json\/wp\/v2\/media?parent=3089"}],"curies":[{"name":"wp","href":"https:\/\/api.w.org\/{rel}","templated":true}]}}