{"id":1684,"date":"2017-02-14T14:41:32","date_gmt":"2017-02-14T14:41:32","guid":{"rendered":"http:\/\/localhost\/utv2_plexx\/?page_id=1684\/"},"modified":"2024-06-26T08:00:36","modified_gmt":"2024-06-26T08:00:36","slug":"materialer","status":"publish","type":"page","link":"https:\/\/plexx.no\/en\/materialer\/","title":{"rendered":"Materialer"},"content":{"rendered":"\n<style type=\"text\/css\" data-created_by=\"avia_inline_auto\" id=\"style-css-av-no84bo-6e5ed4d7eebcceaf60ac43950967080e\">\n.avia-section.av-no84bo-6e5ed4d7eebcceaf60ac43950967080e .av-parallax .av-parallax-inner{\nbackground-repeat:no-repeat;\nbackground-image:url(https:\/\/plexx.no\/wp-content\/uploads\/2017\/02\/nyheter-300x132.png);\nbackground-position:50% 100%;\nbackground-attachment:scroll;\n}\n<\/style>\n<div id='av_section_1'  class='avia-section av-no84bo-6e5ed4d7eebcceaf60ac43950967080e main_color avia-section-huge avia-no-border-styling  avia-builder-el-0  el_before_av_heading  avia-builder-el-first  avia-full-stretch av-parallax-section avia-bg-style-parallax av-minimum-height av-minimum-height-25  container_wrap sidebar_right'  data-section-bg-repeat='stretch' data-av_minimum_height_pc='25'><div class='av-parallax' data-avia-parallax-ratio='0.3' ><div class='av-parallax-inner main_color avia-full-stretch'><\/div><\/div><div class=\"av-section-color-overlay-wrap\"><a href='#next-section' title='' class='scroll-down-link ' aria-hidden='true' data-av_icon='\ue877' data-av_iconfont='entypo-fontello'><\/a><div class='container av-section-cont-open' ><main  role=\"main\" itemprop=\"mainContentOfPage\"  class='template-page content  av-content-small alpha units'><div class='post-entry post-entry-type-page post-entry-1684'><div class='entry-content-wrapper clearfix'>\n<div class='flex_column av-mznrwk-077cb2485977e726472921c97f58478f av_one_fifth  avia-builder-el-1  el_before_av_three_fifth  avia-builder-el-first  first flex_column_div '     ><\/div>\n<style type=\"text\/css\" data-created_by=\"avia_inline_auto\" id=\"style-css-av-k424xg-ddd0c6bfb76d8246558d499290dd9b36\">\n.flex_column.av-k424xg-ddd0c6bfb76d8246558d499290dd9b36{\n-webkit-border-radius:0px 0px 0px 0px;\n-moz-border-radius:0px 0px 0px 0px;\nborder-radius:0px 0px 0px 0px;\npadding:0px 0px 0px 0px;\n}\n<\/style>\n<div class='flex_column av-k424xg-ddd0c6bfb76d8246558d499290dd9b36 av_three_fifth  avia-builder-el-2  el_after_av_one_fifth  el_before_av_one_fifth  flex_column_div av-zero-column-padding '     ><p>\n<style type=\"text\/css\" data-created_by=\"avia_inline_auto\" id=\"style-css-av-jqmt8k-7403be7c7a58ef5179fb153a90a8058e\">\n#top .av-special-heading.av-jqmt8k-7403be7c7a58ef5179fb153a90a8058e{\npadding-bottom:10px;\ncolor:#ffffff;\nfont-size:40px;\n}\nbody .av-special-heading.av-jqmt8k-7403be7c7a58ef5179fb153a90a8058e .av-special-heading-tag .heading-char{\nfont-size:25px;\n}\n#top #wrap_all .av-special-heading.av-jqmt8k-7403be7c7a58ef5179fb153a90a8058e .av-special-heading-tag{\nfont-size:40px;\n}\n.av-special-heading.av-jqmt8k-7403be7c7a58ef5179fb153a90a8058e .special-heading-inner-border{\nborder-color:#ffffff;\n}\n.av-special-heading.av-jqmt8k-7403be7c7a58ef5179fb153a90a8058e .av-subheading{\nfont-size:15px;\n}\n\n@media only screen and (min-width: 480px) and (max-width: 767px){ \n#top #wrap_all .av-special-heading.av-jqmt8k-7403be7c7a58ef5179fb153a90a8058e .av-special-heading-tag{\nfont-size:0.8em;\n}\n}\n\n@media only screen and (max-width: 479px){ \n#top #wrap_all .av-special-heading.av-jqmt8k-7403be7c7a58ef5179fb153a90a8058e .av-special-heading-tag{\nfont-size:0.8em;\n}\n}\n<\/style>\n<div  class='av-special-heading av-jqmt8k-7403be7c7a58ef5179fb153a90a8058e av-special-heading-h1 custom-color-heading blockquote modern-quote modern-centered  avia-builder-el-3  el_before_av_textblock  avia-builder-el-first  av-inherit-size'><h1 class='av-special-heading-tag'  itemprop=\"headline\"  >Materialer<\/h1><div class=\"special-heading-border\"><div class=\"special-heading-inner-border\"><\/div><\/div><\/div><br \/>\n\n<style type=\"text\/css\" data-created_by=\"avia_inline_auto\" id=\"style-css-av-h8c7ms-441be57d9c840b55050e1428128490ad\">\n#top .av_textblock_section.av-h8c7ms-441be57d9c840b55050e1428128490ad .avia_textblock{\ncolor:#ffffff;\n}\n<\/style>\n<section  class='av_textblock_section av-h8c7ms-441be57d9c840b55050e1428128490ad'  itemscope=\"itemscope\" itemtype=\"https:\/\/schema.org\/CreativeWork\" ><div class='avia_textblock av_inherit_color'  itemprop=\"text\" ><p style=\"text-align: center;\">Plast er et av \u00e5rhundrets viktigste materialer. Elastisk, mykt, hardt, UV-resistent, \u00f8konomisk og milj\u00f8vennlig.<\/p>\n<p style=\"text-align: center;\">Plast er en materialgruppe med unike egenskaper og kan, ved riktig bruk, gi store fordeler. Det handler om \u00e5 bruke rett materiale p\u00e5 rett sted. Vi har arbeidet med ulike typer termoplast siden 1954. Termoplast \u00e5pner en helt ny verden n\u00e5r det kommer til sp\u00f8rsm\u00e5l om design, funksjon, milj\u00f8 og \u00f8konomi.<\/p>\n<p style=\"text-align: center;\">Teknisk plast, som brukes i industrien, kan i mange tilfeller erstatte andre materialer \u2013 og utfordrer for eksempel metallets egenskaper.<\/p>\n<\/div><\/section><\/div>\n<style type=\"text\/css\" data-created_by=\"avia_inline_auto\" id=\"style-css-av-gj0fk4-a2895a18f5aa9c8b57a3bbd9037649a0\">\n.flex_column.av-gj0fk4-a2895a18f5aa9c8b57a3bbd9037649a0{\n-webkit-border-radius:0px 0px 0px 0px;\n-moz-border-radius:0px 0px 0px 0px;\nborder-radius:0px 0px 0px 0px;\npadding:0px 0px 0px 0px;\n}\n<\/style>\n<div class='flex_column av-gj0fk4-a2895a18f5aa9c8b57a3bbd9037649a0 av_one_fifth  avia-builder-el-5  el_after_av_three_fifth  avia-builder-el-last  flex_column_div av-zero-column-padding '     ><\/div>\n<\/div><\/div><\/main><!-- close content main element --><\/div><\/div><\/div><div id='after_section_1'  class='main_color av_default_container_wrap container_wrap sidebar_right'  ><div class='container av-section-cont-open' ><div class='template-page content  av-content-small alpha units'><div class='post-entry post-entry-type-page post-entry-1684'><div class='entry-content-wrapper clearfix'>\n\n<style type=\"text\/css\" data-created_by=\"avia_inline_auto\" id=\"style-css-av-2erbkk-9b64b584be49fe371c1b0b573cd220bc\">\n#top .av-special-heading.av-2erbkk-9b64b584be49fe371c1b0b573cd220bc{\nmargin:0 0 20px 0;\npadding-bottom:10px;\ncolor:#0a0a0a;\nfont-size:40px;\n}\nbody .av-special-heading.av-2erbkk-9b64b584be49fe371c1b0b573cd220bc .av-special-heading-tag .heading-char{\nfont-size:25px;\n}\n#top #wrap_all .av-special-heading.av-2erbkk-9b64b584be49fe371c1b0b573cd220bc .av-special-heading-tag{\nfont-size:40px;\n}\n.av-special-heading.av-2erbkk-9b64b584be49fe371c1b0b573cd220bc .special-heading-inner-border{\nborder-color:#0a0a0a;\n}\n.av-special-heading.av-2erbkk-9b64b584be49fe371c1b0b573cd220bc .av-subheading{\nfont-size:15px;\n}\n\n@media only screen and (min-width: 480px) and (max-width: 767px){ \n#top #wrap_all .av-special-heading.av-2erbkk-9b64b584be49fe371c1b0b573cd220bc .av-special-heading-tag{\nfont-size:0.8em;\n}\n}\n\n@media only screen and (max-width: 479px){ \n#top #wrap_all .av-special-heading.av-2erbkk-9b64b584be49fe371c1b0b573cd220bc .av-special-heading-tag{\nfont-size:0.8em;\n}\n}\n<\/style>\n<div  class='av-special-heading av-2erbkk-9b64b584be49fe371c1b0b573cd220bc av-special-heading-h2 custom-color-heading blockquote modern-quote modern-centered  avia-builder-el-6  el_after_av_section  el_before_av_one_fifth  avia-builder-el-first  av-inherit-size'><h2 class='av-special-heading-tag'  itemprop=\"headline\"  >Teknisk data termoplaster<\/h2><div class=\"special-heading-border\"><div class=\"special-heading-inner-border\"><\/div><\/div><\/div>\n\n<style type=\"text\/css\" data-created_by=\"avia_inline_auto\" id=\"style-css-av-dlya5g-efd3a77c6bce99216640a445da43c049\">\n.flex_column.av-dlya5g-efd3a77c6bce99216640a445da43c049{\n-webkit-border-radius:0px 0px 0px 0px;\n-moz-border-radius:0px 0px 0px 0px;\nborder-radius:0px 0px 0px 0px;\npadding:0px 0px 0px 0px;\n}\n<\/style>\n<div class='flex_column av-dlya5g-efd3a77c6bce99216640a445da43c049 av_one_fifth  avia-builder-el-7  el_after_av_heading  el_before_av_one_third  first flex_column_div av-zero-column-padding '     ><\/div>\n\n<style type=\"text\/css\" data-created_by=\"avia_inline_auto\" id=\"style-css-av-cbg438-57b16d35cd67b8335c433b8ced34f4e0\">\n.flex_column.av-cbg438-57b16d35cd67b8335c433b8ced34f4e0{\n-webkit-border-radius:0px 0px 0px 0px;\n-moz-border-radius:0px 0px 0px 0px;\nborder-radius:0px 0px 0px 0px;\npadding:0px 0px 0px 0px;\n}\n<\/style>\n<div class='flex_column av-cbg438-57b16d35cd67b8335c433b8ced34f4e0 av_one_third  avia-builder-el-8  el_after_av_one_fifth  el_before_av_one_fourth  flex_column_div av-zero-column-padding '     ><section  class='av_textblock_section av-bjgixw-30683a8307ac3fc46526f389e44ae527'  itemscope=\"itemscope\" itemtype=\"https:\/\/schema.org\/CreativeWork\" ><div class='avia_textblock'  itemprop=\"text\" ><p><a href=\"https:\/\/plexx.no\/materiale-abs\/\">Akrylnitril-butadienstyren &#8211; ABS<\/a><\/p>\n<p><a href=\"https:\/\/plexx.no\/materiale-pa\/\">Polyamid &#8211; PA<\/a><\/p>\n<p><a href=\"https:\/\/plexx.no\/materiale-peek\/\">Polyetheretherketon &#8211; PEEK<\/a><\/p>\n<p><a href=\"https:\/\/plexx.no\/materiale-pe\/\">Polyethylen &#8211; PE<\/a><\/p>\n<p><a href=\"https:\/\/plexx.no\/materiale-pet\/\">Polyethylenterepthalat &#8211; PET<\/a><\/p>\n<p><a href=\"https:\/\/plexx.no\/materiale-ppo\/\">Polyphenylenoxid &#8211; PPO<\/a><\/p>\n<p><a href=\"https:\/\/plexx.no\/materiale-pc\/\">Polycarbonat &#8211; PC<\/a><\/p>\n<p><a href=\"https:\/\/plexx.no\/materiale-pmma\/\">Polymethylmethacrylat (akryl) &#8211; PMMA<\/a><\/p>\n<\/div><\/section><\/div>\n<style type=\"text\/css\" data-created_by=\"avia_inline_auto\" id=\"style-css-av-5bcr4k-529b478191cc6eaa51038c18304f1d3b\">\n.flex_column.av-5bcr4k-529b478191cc6eaa51038c18304f1d3b{\n-webkit-border-radius:0px 0px 0px 0px;\n-moz-border-radius:0px 0px 0px 0px;\nborder-radius:0px 0px 0px 0px;\npadding:0px 0px 0px 0px;\n}\n<\/style>\n<div class='flex_column av-5bcr4k-529b478191cc6eaa51038c18304f1d3b av_one_fourth  avia-builder-el-10  el_after_av_one_third  el_before_av_one_fifth  flex_column_div av-zero-column-padding '     ><section  class='av_textblock_section av-g1o1w-726cffe9c4d563a24021bb66dc0bcc40'  itemscope=\"itemscope\" itemtype=\"https:\/\/schema.org\/CreativeWork\" ><div class='avia_textblock'  itemprop=\"text\" ><p><a href=\"https:\/\/plexx.no\/materiale-pom\/\">Polyoxymethylen- POM<\/a><\/p>\n<p><a href=\"https:\/\/plexx.no\/materiale-pp\/\">Polypropylen (Polypropen) &#8211; PP\u00a0<\/a><\/p>\n<p><a href=\"https:\/\/plexx.no\/materiale-ps\/\">Polystyren &#8211; PS<\/a><\/p>\n<p><a href=\"https:\/\/plexx.no\/materiale-psu\/\">Polysulfon &#8211; PSU<\/a><\/p>\n<p><a href=\"https:\/\/plexx.no\/materiale-ptfe\/\">Polytetrafluorethylen &#8211; PTFE<\/a><\/p>\n<p><a href=\"https:\/\/plexx.no\/materiale-pvdf\/\">Polyvinylidenfluorid &#8211; PVDF<\/a><\/p>\n<p><a href=\"https:\/\/plexx.no\/materiale-pvc\/\">Polyvinylchlorid &#8211; PVC<\/a><\/p>\n<\/div><\/section><\/div>\n<style type=\"text\/css\" data-created_by=\"avia_inline_auto\" id=\"style-css-av-39qpw4-584f59d41b5ba294082695d129444192\">\n.flex_column.av-39qpw4-584f59d41b5ba294082695d129444192{\n-webkit-border-radius:0px 0px 0px 0px;\n-moz-border-radius:0px 0px 0px 0px;\nborder-radius:0px 0px 0px 0px;\npadding:0px 0px 0px 0px;\n}\n<\/style>\n<div class='flex_column av-39qpw4-584f59d41b5ba294082695d129444192 av_one_fifth  avia-builder-el-12  el_after_av_one_fourth  avia-builder-el-last  flex_column_div av-zero-column-padding '     ><\/div>\n","protected":false},"excerpt":{"rendered":"Materialer Plast er et av \u00e5rhundrets viktigste materialer. Elastisk, mykt, hardt, UV-resistent, \u00f8konomisk og milj\u00f8vennlig. Plast er en materialgruppe med unike egenskaper og kan, ved riktig bruk, gi store fordeler. Det handler om \u00e5 bruke rett materiale p\u00e5 rett sted. Vi har arbeidet med ulike typer termoplast siden 1954. Termoplast \u00e5pner en helt ny verden [...]","protected":false},"author":1,"featured_media":0,"parent":0,"menu_order":40,"comment_status":"closed","ping_status":"closed","template":"","meta":{"footnotes":""},"class_list":["post-1684","page","type-page","status-publish","hentry"],"_links":{"self":[{"href":"https:\/\/plexx.no\/en\/wp-json\/wp\/v2\/pages\/1684","targetHints":{"allow":["GET"]}}],"collection":[{"href":"https:\/\/plexx.no\/en\/wp-json\/wp\/v2\/pages"}],"about":[{"href":"https:\/\/plexx.no\/en\/wp-json\/wp\/v2\/types\/page"}],"author":[{"embeddable":true,"href":"https:\/\/plexx.no\/en\/wp-json\/wp\/v2\/users\/1"}],"replies":[{"embeddable":true,"href":"https:\/\/plexx.no\/en\/wp-json\/wp\/v2\/comments?post=1684"}],"version-history":[{"count":39,"href":"https:\/\/plexx.no\/en\/wp-json\/wp\/v2\/pages\/1684\/revisions"}],"predecessor-version":[{"id":3970,"href":"https:\/\/plexx.no\/en\/wp-json\/wp\/v2\/pages\/1684\/revisions\/3970"}],"wp:attachment":[{"href":"https:\/\/plexx.no\/en\/wp-json\/wp\/v2\/media?parent=1684"}],"curies":[{"name":"wp","href":"https:\/\/api.w.org\/{rel}","templated":true}]}}