{"id":1469,"date":"2015-02-22T19:55:57","date_gmt":"2015-02-22T19:55:57","guid":{"rendered":"http:\/\/www.opido.se\/nb\/?page_id=1469"},"modified":"2024-04-25T07:59:32","modified_gmt":"2024-04-25T07:59:32","slug":"hem","status":"publish","type":"page","link":"https:\/\/plexx.no\/en\/hem\/","title":{"rendered":"Start"},"content":{"rendered":"<div id='full_slider_1'  class='avia-fullwidth-slider main_color avia-shadow   avia-builder-el-0  el_before_av_section  avia-builder-el-first   container_wrap sidebar_right'  >\n<style type=\"text\/css\" data-created_by=\"avia_inline_auto\" id=\"style-css-av-uvvw7x-c55e7ff48003d0e31be83b1f9c20c7ca\">\n#top #wrap_all .avia-slideshow .av-slideshow-caption.av-uvvw7x-c55e7ff48003d0e31be83b1f9c20c7ca__0 .avia-caption-title{\nfont-size:55px;\n}\n#top #wrap_all .avia-slideshow .av-slideshow-caption.av-uvvw7x-c55e7ff48003d0e31be83b1f9c20c7ca__1 .avia-caption-title{\nfont-size:55px;\n}\n#top #wrap_all .avia-slideshow .av-slideshow-caption.av-uvvw7x-c55e7ff48003d0e31be83b1f9c20c7ca__2 .avia-caption-title{\nfont-size:55px;\ncolor:#006699;\n}\n#top .avia-slideshow .av-slideshow-caption.av-uvvw7x-c55e7ff48003d0e31be83b1f9c20c7ca__2 .avia-caption-content{\nfont-size:63px;\n}\n#top .avia-slideshow .av-slideshow-caption.av-uvvw7x-c55e7ff48003d0e31be83b1f9c20c7ca__2 .avia-caption-content p{\nfont-size:63px;\n}\n<\/style>\n<div  class='avia-slideshow av-uvvw7x-c55e7ff48003d0e31be83b1f9c20c7ca avia-slideshow-featured_large av_slideshow_full avia-slide-slider av-slideshow-ui av-control-minimal av-slideshow-autoplay av-loop-endless av-loop-manual-endless av-default-height-applied   avia-slideshow-1' data-slideshow-options=\"{&quot;animation&quot;:&quot;slide&quot;,&quot;autoplay&quot;:true,&quot;loop_autoplay&quot;:&quot;endless&quot;,&quot;interval&quot;:5,&quot;loop_manual&quot;:&quot;manual-endless&quot;,&quot;autoplay_stopper&quot;:false,&quot;noNavigation&quot;:false,&quot;bg_slider&quot;:false,&quot;keep_padding&quot;:false,&quot;hoverpause&quot;:false,&quot;show_slide_delay&quot;:0}\"  itemprop=\"image\" itemscope=\"itemscope\" itemtype=\"https:\/\/schema.org\/ImageObject\" ><ul class='avia-slideshow-inner ' style='padding-bottom: 42%;'><li  class='avia-slideshow-slide av-uvvw7x-c55e7ff48003d0e31be83b1f9c20c7ca__0  slide-1 slide-odd'><div data-rel='slideshow-1' class='avia-slide-wrap '   ><div class='av-slideshow-caption av-uvvw7x-c55e7ff48003d0e31be83b1f9c20c7ca__0 caption_fullwidth caption_left'><div class=\"container caption_container\"><div class=\"slideshow_caption\"><div class=\"slideshow_inner_caption\"><div class=\"slideshow_align_caption\"><h2 class='avia-caption-title '  itemprop=\"name\" >Kort tid fra id\u00e9<br \/>\ntil ferdig produkt<\/h2><\/div><\/div><\/div><\/div><\/div><img decoding=\"async\" class=\"wp-image-1603 avia-img-lazy-loading-not-1603\"  src=\"https:\/\/plexx.no\/wp-content\/uploads\/2017\/02\/plexx_aluminiumsverktoy-for-vakuumforming3-1500x630.png\" width=\"1500\" height=\"630\" title='plexx_aluminiumsverktoy-for-vakuumforming3' alt=''  itemprop=\"thumbnailUrl\"   \/><\/div><\/li><li  class='avia-slideshow-slide av-uvvw7x-c55e7ff48003d0e31be83b1f9c20c7ca__1  slide-2 slide-even'><div data-rel='slideshow-1' class='avia-slide-wrap '   ><div class='av-slideshow-caption av-uvvw7x-c55e7ff48003d0e31be83b1f9c20c7ca__1 caption_fullwidth caption_left'><div class=\"container caption_container\"><div class=\"slideshow_caption\"><div class=\"slideshow_inner_caption\"><div class=\"slideshow_align_caption\"><h2 class='avia-caption-title '  itemprop=\"name\" >Uante muligheter<br \/>\nfor ditt sluttprodukt<\/h2><\/div><\/div><\/div><\/div><\/div><img decoding=\"async\" class=\"wp-image-2992 avia-img-lazy-loading-not-2992\"  src=\"https:\/\/plexx.no\/wp-content\/uploads\/2015\/10\/display3-1500x630.png\" width=\"1500\" height=\"630\" title='' alt=''  itemprop=\"thumbnailUrl\"   \/><\/div><\/li><li  class='avia-slideshow-slide av-uvvw7x-c55e7ff48003d0e31be83b1f9c20c7ca__2  slide-3 slide-odd'><div data-rel='slideshow-1' class='avia-slide-wrap '   ><div class='av-slideshow-caption av-uvvw7x-c55e7ff48003d0e31be83b1f9c20c7ca__2 caption_fullwidth caption_left'><div class=\"container caption_container\"><div class=\"slideshow_caption\"><div class=\"slideshow_inner_caption\"><div class=\"slideshow_align_caption\"><h2 class='avia-caption-title '  itemprop=\"name\" >Uante muligheter<br \/>\ngjennom \u00e5 samarbeide med oss<\/h2><\/div><\/div><\/div><\/div><\/div><img decoding=\"async\" class=\"wp-image-1676 avia-img-lazy-loading-not-1676\"  src=\"https:\/\/plexx.no\/wp-content\/uploads\/2016\/04\/Arild6_1500x630.png\" width=\"1500\" height=\"630\" title='Arild6_1500x630' alt=''  itemprop=\"thumbnailUrl\" srcset=\"https:\/\/plexx.no\/wp-content\/uploads\/2016\/04\/Arild6_1500x630.png 1500w, https:\/\/plexx.no\/wp-content\/uploads\/2016\/04\/Arild6_1500x630-300x126.png 300w, https:\/\/plexx.no\/wp-content\/uploads\/2016\/04\/Arild6_1500x630-768x323.png 768w, https:\/\/plexx.no\/wp-content\/uploads\/2016\/04\/Arild6_1500x630-1030x433.png 1030w, https:\/\/plexx.no\/wp-content\/uploads\/2016\/04\/Arild6_1500x630-705x296.png 705w, https:\/\/plexx.no\/wp-content\/uploads\/2016\/04\/Arild6_1500x630-450x189.png 450w\" sizes=\"(max-width: 1500px) 100vw, 1500px\" \/><\/div><\/li><\/ul><div class='avia-slideshow-arrows avia-slideshow-controls' ><a href='#prev' class='prev-slide ' aria-hidden='true' data-av_icon='\ue87c' data-av_iconfont='entypo-fontello'  tabindex='-1'>Previous<\/a><a href='#next' class='next-slide ' aria-hidden='true' data-av_icon='\ue87d' data-av_iconfont='entypo-fontello'  tabindex='-1'>Next<\/a><\/div><div class='avia-slideshow-dots avia-slideshow-controls'><a href='#1' class='goto-slide active' >1<\/a><a href='#2' class='goto-slide ' >2<\/a><a href='#3' class='goto-slide ' >3<\/a><\/div><\/div><\/div>\n\n<style type=\"text\/css\" data-created_by=\"avia_inline_auto\" id=\"style-css-av-mo2w0t-be62a504c9d0a1c27be6859855f19ff9\">\n.avia-section.av-mo2w0t-be62a504c9d0a1c27be6859855f19ff9{\nbackground-color:#006699;\nbackground-image:unset;\n}\n<\/style>\n<div id='av_section_1'  class='avia-section av-mo2w0t-be62a504c9d0a1c27be6859855f19ff9 main_color avia-section-default avia-no-border-styling  avia-builder-el-1  el_after_av_slideshow_full  el_before_av_portfolio  avia-bg-style-parallax container_wrap sidebar_right'  ><div class='container av-section-cont-open' ><div class='template-page content  av-content-small alpha units'><div class='post-entry post-entry-type-page post-entry-1469'><div class='entry-content-wrapper clearfix'>\n<div class='flex_column av-kpbb25-4c998f6da9e4b8a81178498e13aa737a av_one_full  avia-builder-el-2  avia-builder-el-no-sibling  first flex_column_div '     ><style type=\"text\/css\" data-created_by=\"avia_inline_auto\" id=\"style-css-av-jfb559-e980008304371d402c6931a592b9a120\">\n#top .av-special-heading.av-jfb559-e980008304371d402c6931a592b9a120{\npadding-bottom:10px;\ncolor:#ffffff;\nfont-size:40px;\n}\nbody .av-special-heading.av-jfb559-e980008304371d402c6931a592b9a120 .av-special-heading-tag .heading-char{\nfont-size:25px;\n}\n#top #wrap_all .av-special-heading.av-jfb559-e980008304371d402c6931a592b9a120 .av-special-heading-tag{\nfont-size:40px;\n}\n.av-special-heading.av-jfb559-e980008304371d402c6931a592b9a120 .special-heading-inner-border{\nborder-color:#ffffff;\n}\n.av-special-heading.av-jfb559-e980008304371d402c6931a592b9a120 .av-subheading{\nfont-size:15px;\n}\n\n@media only screen and (min-width: 480px) and (max-width: 767px){ \n#top #wrap_all .av-special-heading.av-jfb559-e980008304371d402c6931a592b9a120 .av-special-heading-tag{\nfont-size:0.8em;\n}\n}\n\n@media only screen and (max-width: 479px){ \n#top #wrap_all .av-special-heading.av-jfb559-e980008304371d402c6931a592b9a120 .av-special-heading-tag{\nfont-size:0.8em;\n}\n}\n<\/style>\n<div  class='av-special-heading av-jfb559-e980008304371d402c6931a592b9a120 av-special-heading-h2 custom-color-heading blockquote modern-quote modern-centered  avia-builder-el-3  avia-builder-el-no-sibling  av-inherit-size'><h2 class='av-special-heading-tag'  itemprop=\"headline\"  >Vi skaper langsiktige relasjoner og<br \/>\nfelles suksess sammen med v\u00e5re kunder<\/h2><div class=\"special-heading-border\"><div class=\"special-heading-inner-border\"><\/div><\/div><\/div><\/div>\n\n<div  id=\"av-sc-portfolio-1\"  class=' grid-sort-container isotope   no_margin-container with-excerpt-container grid-total-even grid-col-5 grid-links-' data-portfolio-id='1'><div data-ajax-id='1654' class=' grid-entry flex_column isotope-item all_sort no_margin post-entry post-entry-1654 grid-entry-overview grid-loop-1 grid-parity-odd  products_sort  av_one_fifth first default_av_fullwidth '><article class='main_color inner-entry'  itemscope=\"itemscope\" itemtype=\"https:\/\/schema.org\/CreativeWork\" ><a href=\"https:\/\/plexx.no\/en\/portfolio-item\/teknisk-plast\/\" title='Teknisk plast'  data-rel='grid-1' class='grid-image avia-hover-fx'> <img decoding=\"async\" width=\"260\" height=\"185\" src=\"https:\/\/plexx.no\/wp-content\/uploads\/2015\/10\/display4-260x185.png\" class=\"wp-image-1063 avia-img-lazy-loading-not-1063 attachment-portfolio_small size-portfolio_small wp-post-image\" alt=\"\" \/><\/a><div class='grid-content'><div class='avia-arrow'><\/div><header class=\"entry-content-header\"><h3 class='grid-entry-title entry-title '  itemprop=\"headline\" ><a href='https:\/\/plexx.no\/en\/portfolio-item\/teknisk-plast\/' title='Teknisk plast'>Teknisk plast<\/a><\/h3><\/header><div class='grid-entry-excerpt entry-content'  itemprop=\"text\" >Engineering Plastics<\/div><\/div><footer class=\"entry-footer\"><\/footer><\/article><\/div><div data-ajax-id='2242' class=' grid-entry flex_column isotope-item all_sort no_margin post-entry post-entry-2242 grid-entry-overview grid-loop-2 grid-parity-even  post-entry-last  products_sort  av_one_fifth  default_av_fullwidth '><article class='main_color inner-entry'  itemscope=\"itemscope\" itemtype=\"https:\/\/schema.org\/CreativeWork\" ><a href=\"https:\/\/plexx.no\/en\/portfolio-item\/sproytestoping\/\" title='Injection moulding'  data-rel='grid-1' class='grid-image avia-hover-fx'> <img decoding=\"async\" width=\"260\" height=\"185\" src=\"https:\/\/plexx.no\/wp-content\/uploads\/2017\/02\/1030465-3-260x185.jpg\" class=\"wp-image-1919 avia-img-lazy-loading-not-1919 attachment-portfolio_small size-portfolio_small wp-post-image\" alt=\"\" \/><\/a><div class='grid-content'><div class='avia-arrow'><\/div><header class=\"entry-content-header\"><h3 class='grid-entry-title entry-title '  itemprop=\"headline\" ><a href='https:\/\/plexx.no\/en\/portfolio-item\/sproytestoping\/' title='Injection moulding'>Injection moulding<\/a><\/h3><\/header><div class='grid-entry-excerpt entry-content'  itemprop=\"text\" >Injection moulding<\/div><\/div><footer class=\"entry-footer\"><\/footer><\/article><\/div><\/div>\n\n<style type=\"text\/css\" data-created_by=\"avia_inline_auto\" id=\"style-css-av-fd0xt9-cba7ab395cb5693db6f98b8143a8bb6b\">\n.avia-section.av-fd0xt9-cba7ab395cb5693db6f98b8143a8bb6b .av-parallax .av-parallax-inner{\nbackground-repeat:no-repeat;\nbackground-image:url(https:\/\/plexx.no\/wp-content\/uploads\/2017\/02\/nyheter.png);\nbackground-position:50% 0%;\nbackground-attachment:scroll;\n}\n<\/style>\n<div id='av_section_2'  class='avia-section av-fd0xt9-cba7ab395cb5693db6f98b8143a8bb6b alternate_color avia-section-small avia-no-border-styling  avia-builder-el-5  el_after_av_portfolio  el_before_av_section  avia-full-stretch av-parallax-section avia-bg-style-parallax av-minimum-height av-minimum-height-custom  container_wrap sidebar_right'  data-section-bg-repeat='stretch' data-av_minimum_height_px='50'><div class='av-parallax' data-avia-parallax-ratio='0.3' ><div class='av-parallax-inner alternate_color avia-full-stretch'><\/div><\/div><div class=\"av-section-color-overlay-wrap\"><a href='#next-section' title='' class='scroll-down-link ' aria-hidden='true' data-av_icon='\ue877' data-av_iconfont='entypo-fontello'><\/a><div class='container av-section-cont-open' style='height:50px'><div class='template-page content  av-content-small alpha units'><div class='post-entry post-entry-type-page post-entry-1469'><div class='entry-content-wrapper clearfix'>\n<\/div><\/div><\/div><!-- close content main div --><\/div><\/div><\/div>\n<style type=\"text\/css\" data-created_by=\"avia_inline_auto\" id=\"style-css-av-dire6l-ec98f346200ce391a5d77d1f970fc7f3\">\n.avia-section.av-dire6l-ec98f346200ce391a5d77d1f970fc7f3 .av-parallax .av-parallax-inner{\nbackground-repeat:no-repeat;\nbackground-image:url(https:\/\/plexx.no\/wp-content\/uploads\/2017\/02\/nyheter.png);\nbackground-position:50% 0%;\nbackground-attachment:scroll;\n}\n<\/style>\n<div id='av_section_3'  class='avia-section av-dire6l-ec98f346200ce391a5d77d1f970fc7f3 alternate_color avia-section-small avia-no-border-styling  avia-builder-el-6  el_after_av_section  avia-builder-el-last  avia-full-stretch av-parallax-section avia-bg-style-parallax container_wrap sidebar_right'  data-section-bg-repeat='stretch'><div class='av-parallax' data-avia-parallax-ratio='0.3' ><div class='av-parallax-inner alternate_color avia-full-stretch'><\/div><\/div><div class='container av-section-cont-open' ><div class='template-page content  av-content-small alpha units'><div class='post-entry post-entry-type-page post-entry-1469'><div class='entry-content-wrapper clearfix'>\n\n<style type=\"text\/css\" data-created_by=\"avia_inline_auto\" id=\"style-css-av-d1abkt-e689fbb8d4e8320ae2ab65e5f1f83823\">\n.flex_column.av-d1abkt-e689fbb8d4e8320ae2ab65e5f1f83823{\n-webkit-border-radius:0px 0px 0px 0px;\n-moz-border-radius:0px 0px 0px 0px;\nborder-radius:0px 0px 0px 0px;\npadding:0px 0px 0px 0px;\n}\n<\/style>\n<div class='flex_column av-d1abkt-e689fbb8d4e8320ae2ab65e5f1f83823 av_two_fifth  avia-builder-el-7  el_before_av_one_fifth  avia-builder-el-first  first flex_column_div av-zero-column-padding '     ><p>\n<style type=\"text\/css\" data-created_by=\"avia_inline_auto\" id=\"style-css-av-342o1p-c82ef1152208885f6a0f37f772939726\">\n#top .av-special-heading.av-342o1p-c82ef1152208885f6a0f37f772939726{\npadding-bottom:10px;\ncolor:#ffffff;\nfont-size:40px;\n}\nbody .av-special-heading.av-342o1p-c82ef1152208885f6a0f37f772939726 .av-special-heading-tag .heading-char{\nfont-size:25px;\n}\n#top #wrap_all .av-special-heading.av-342o1p-c82ef1152208885f6a0f37f772939726 .av-special-heading-tag{\nfont-size:40px;\n}\n.av-special-heading.av-342o1p-c82ef1152208885f6a0f37f772939726 .special-heading-inner-border{\nborder-color:#ffffff;\n}\n.av-special-heading.av-342o1p-c82ef1152208885f6a0f37f772939726 .av-subheading{\nfont-size:15px;\n}\n\n@media only screen and (min-width: 480px) and (max-width: 767px){ \n#top #wrap_all .av-special-heading.av-342o1p-c82ef1152208885f6a0f37f772939726 .av-special-heading-tag{\nfont-size:0.8em;\n}\n}\n\n@media only screen and (max-width: 479px){ \n#top #wrap_all .av-special-heading.av-342o1p-c82ef1152208885f6a0f37f772939726 .av-special-heading-tag{\nfont-size:0.8em;\n}\n}\n<\/style>\n<div  class='av-special-heading av-342o1p-c82ef1152208885f6a0f37f772939726 av-special-heading-h1 custom-color-heading blockquote modern-quote modern-centered  avia-builder-el-8  el_before_av_sidebar  avia-builder-el-first  av-inherit-size'><h1 class='av-special-heading-tag'  itemprop=\"headline\"  >Siste nytt<\/h1><div class=\"special-heading-border\"><div class=\"special-heading-inner-border\"><\/div><\/div><\/div><br \/>\n<\/p><\/div>\n<style type=\"text\/css\" data-created_by=\"avia_inline_auto\" id=\"style-css-av-7g0b3h-cbc46f1f50fb0a760a51545f9c352baf\">\n.flex_column.av-7g0b3h-cbc46f1f50fb0a760a51545f9c352baf{\n-webkit-border-radius:0px 0px 0px 0px;\n-moz-border-radius:0px 0px 0px 0px;\nborder-radius:0px 0px 0px 0px;\npadding:0px 0px 0px 0px;\n}\n<\/style>\n<div class='flex_column av-7g0b3h-cbc46f1f50fb0a760a51545f9c352baf av_one_fifth  avia-builder-el-10  el_after_av_two_fifth  el_before_av_two_fifth  flex_column_div av-zero-column-padding '     ><\/div>\n<style type=\"text\/css\" data-created_by=\"avia_inline_auto\" id=\"style-css-av-3hxfal-16dac956411f95619312f25789b55aa4\">\n.flex_column.av-3hxfal-16dac956411f95619312f25789b55aa4{\n-webkit-border-radius:0px 0px 0px 0px;\n-moz-border-radius:0px 0px 0px 0px;\nborder-radius:0px 0px 0px 0px;\npadding:0px 0px 0px 0px;\n}\n<\/style>\n<div class='flex_column av-3hxfal-16dac956411f95619312f25789b55aa4 av_two_fifth  avia-builder-el-11  el_after_av_one_fifth  avia-builder-el-last  flex_column_div av-zero-column-padding '     ><p>\n<style type=\"text\/css\" data-created_by=\"avia_inline_auto\" id=\"style-css-av-kfzcp1xq-3ad55b8d873214bd90dea399637f4f12\">\n#top .av-special-heading.av-kfzcp1xq-3ad55b8d873214bd90dea399637f4f12{\npadding-bottom:10px;\ncolor:#ffffff;\nfont-size:40px;\n}\nbody .av-special-heading.av-kfzcp1xq-3ad55b8d873214bd90dea399637f4f12 .av-special-heading-tag .heading-char{\nfont-size:25px;\n}\n#top #wrap_all .av-special-heading.av-kfzcp1xq-3ad55b8d873214bd90dea399637f4f12 .av-special-heading-tag{\nfont-size:40px;\n}\n.av-special-heading.av-kfzcp1xq-3ad55b8d873214bd90dea399637f4f12 .special-heading-inner-border{\nborder-color:#ffffff;\n}\n.av-special-heading.av-kfzcp1xq-3ad55b8d873214bd90dea399637f4f12 .av-subheading{\nfont-size:15px;\n}\n\n@media only screen and (min-width: 480px) and (max-width: 767px){ \n#top #wrap_all .av-special-heading.av-kfzcp1xq-3ad55b8d873214bd90dea399637f4f12 .av-special-heading-tag{\nfont-size:0.8em;\n}\n}\n\n@media only screen and (max-width: 479px){ \n#top #wrap_all .av-special-heading.av-kfzcp1xq-3ad55b8d873214bd90dea399637f4f12 .av-special-heading-tag{\nfont-size:0.8em;\n}\n}\n<\/style>\n<div  class='av-special-heading av-kfzcp1xq-3ad55b8d873214bd90dea399637f4f12 av-special-heading-h1 custom-color-heading blockquote modern-quote modern-centered  avia-builder-el-12  el_before_av_sidebar  avia-builder-el-first  av-inherit-size'><h1 class='av-special-heading-tag'  itemprop=\"headline\"  >Meld deg p\u00e5 v\u00e5rt nyhetsbrev.<\/h1><div class=\"special-heading-border\"><div class=\"special-heading-inner-border\"><\/div><\/div><\/div><br \/>\n<\/p><\/div><\/div><\/div><\/div><!-- close content main div --><\/div><\/div><div id='after_section_3'  class='main_color av_default_container_wrap container_wrap sidebar_right'  ><div class='container av-section-cont-open' ><div class='template-page content  av-content-small alpha units'><div class='post-entry post-entry-type-page post-entry-1469'><div class='entry-content-wrapper clearfix'>\n","protected":false},"excerpt":{"rendered":"Kort tid fra id\u00e9 til ferdig produktUante muligheter for ditt sluttproduktUante muligheter gjennom \u00e5 samarbeide med ossPreviousNext123 Vi skaper langsiktige relasjoner og felles suksess sammen med v\u00e5re kunder Teknisk plastEngineering Plastics Injection mouldingInjection moulding Siste nytt Meld deg p\u00e5 v\u00e5rt nyhetsbrev.","protected":false},"author":1,"featured_media":0,"parent":0,"menu_order":10,"comment_status":"closed","ping_status":"closed","template":"","meta":{"footnotes":""},"class_list":["post-1469","page","type-page","status-publish","hentry"],"_links":{"self":[{"href":"https:\/\/plexx.no\/en\/wp-json\/wp\/v2\/pages\/1469","targetHints":{"allow":["GET"]}}],"collection":[{"href":"https:\/\/plexx.no\/en\/wp-json\/wp\/v2\/pages"}],"about":[{"href":"https:\/\/plexx.no\/en\/wp-json\/wp\/v2\/types\/page"}],"author":[{"embeddable":true,"href":"https:\/\/plexx.no\/en\/wp-json\/wp\/v2\/users\/1"}],"replies":[{"embeddable":true,"href":"https:\/\/plexx.no\/en\/wp-json\/wp\/v2\/comments?post=1469"}],"version-history":[{"count":57,"href":"https:\/\/plexx.no\/en\/wp-json\/wp\/v2\/pages\/1469\/revisions"}],"predecessor-version":[{"id":3744,"href":"https:\/\/plexx.no\/en\/wp-json\/wp\/v2\/pages\/1469\/revisions\/3744"}],"wp:attachment":[{"href":"https:\/\/plexx.no\/en\/wp-json\/wp\/v2\/media?parent=1469"}],"curies":[{"name":"wp","href":"https:\/\/api.w.org\/{rel}","templated":true}]}}